{"id":1284,"date":"2023-08-22T08:15:06","date_gmt":"2023-08-21T23:15:06","guid":{"rendered":"http:\/\/aafc.snuac.ac.kr\/?page_id=1284"},"modified":"2024-11-21T16:14:26","modified_gmt":"2024-11-21T07:14:26","slug":"korean-embassies-in-africa","status":"publish","type":"page","link":"http:\/\/aafc.snuac.ac.kr\/?page_id=1284","title":{"rendered":"Korean Embassies in Africa"},"content":{"rendered":"<div class=\"wpb-content-wrapper\"><p>[vc_row][vc_column][vc_cta h2=&#8221;\uc544\ud504\ub9ac\uce74 \uc7ac\uc678\uacf5\uad00&#8221;]\ub300\ud55c\ubbfc\uad6d\uc740 \ucd1d 48\uac1c \uc544\ud504\ub9ac\uce74 \uad6d\uac00\uc640 \uc678\uad50\uad00\uacc4\ub97c \uc218\ub9bd\ud558\uace0, \ucd1d 18\uac1c\uad6d\uc5d0 \uc7ac\uc678\uacf5\uac04\uc744 \ub450\uace0 \uc788\uc2b5\ub2c8\ub2e4. \uac01 \uacf5\uad00\uc758 \uc804\ud654\ubc88\ud638, \uc8fc\uc18c, \ud648\ud398\uc774\uc9c0 \ub4f1 \uc815\ubcf4\ub294 \uc544\ub798\uc640 \uac19\uc2b5\ub2c8\ub2e4.[\/vc_cta][\/vc_column][\/vc_row][vc_row][vc_column][vc_column_text]<img decoding=\"async\" class=\"alignnone wp-image-1669\" src=\"http:\/\/aafc.snuac.ac.kr\/wp-content\/uploads\/2023\/11\/\ud55c\uc544\uc218\uad50\ud604\ud669-300x175.png\" alt=\"\" width=\"1250\" height=\"729\" srcset=\"http:\/\/aafc.snuac.ac.kr\/wp-content\/uploads\/2023\/11\/\ud55c\uc544\uc218\uad50\ud604\ud669-160x93.png 160w, http:\/\/aafc.snuac.ac.kr\/wp-content\/uploads\/2023\/11\/\ud55c\uc544\uc218\uad50\ud604\ud669-200x117.png 200w, http:\/\/aafc.snuac.ac.kr\/wp-content\/uploads\/2023\/11\/\ud55c\uc544\uc218\uad50\ud604\ud669-300x175.png 300w, http:\/\/aafc.snuac.ac.kr\/wp-content\/uploads\/2023\/11\/\ud55c\uc544\uc218\uad50\ud604\ud669-400x233.png 400w, http:\/\/aafc.snuac.ac.kr\/wp-content\/uploads\/2023\/11\/\ud55c\uc544\uc218\uad50\ud604\ud669-600x350.png 600w, http:\/\/aafc.snuac.ac.kr\/wp-content\/uploads\/2023\/11\/\ud55c\uc544\uc218\uad50\ud604\ud669-768x448.png 768w, http:\/\/aafc.snuac.ac.kr\/wp-content\/uploads\/2023\/11\/\ud55c\uc544\uc218\uad50\ud604\ud669-800x467.png 800w, http:\/\/aafc.snuac.ac.kr\/wp-content\/uploads\/2023\/11\/\ud55c\uc544\uc218\uad50\ud604\ud669-1024x597.png 1024w, http:\/\/aafc.snuac.ac.kr\/wp-content\/uploads\/2023\/11\/\ud55c\uc544\uc218\uad50\ud604\ud669.png 1200w\" sizes=\"(max-width: 1250px) 100vw, 1250px\" \/><\/p>\n<p style=\"text-align: right;\">\u203b\ucc38\uc870: \uc678\uad50\ubd80 <a href=\"https:\/\/overseas.mofa.go.kr\/www\/wpge\/m_4178\/contents.do\">\uc7ac\uc678\uacf5\uad00\uc124\uce58\ud604\ud669<\/a>, <a href=\"https:\/\/overseas.mofa.go.kr\/www\/wpge\/m_4181\/contents.do\">\uc678\uad50\uad00\uacc4\uc218\ub9bd\ud604\ud669<\/a><\/p>\n<p>[\/vc_column_text][vc_tta_tour][vc_tta_section title=&#8221;\uac00\ub098&#8221; tab_id=&#8221;1692660549808-01a7ee20-a7f1&#8243;][vc_column_text]<strong>\uc8fc\uac00\ub098 \ub300\ud55c\ubbfc\uad6d \ub300\uc0ac\uad00<\/strong><\/p>\n<ul>\n<li><b>\uc804\ud654\ubc88\ud638 :\u00a0<\/b>(233-302) 77-6157\/1705\/7533<\/li>\n<li><b>\ud329\uc2a4\ubc88\ud638 :\u00a0<\/b>(233-302) 77-2313<\/li>\n<li><b>\uc6b0\ud3b8\ubc88\ud638 :\u00a0<\/b>P.O.Box GP<\/li>\n<li><b>\uc8fc\uc18c :\u00a0<\/b>No.10 5th Avenue Extension, Switchback Residential Area West Cantonments, Accra, Ghana<\/li>\n<li><strong>\ud648\ud398\uc774\uc9c0 :<\/strong> <a href=\"https:\/\/overseas.mofa.go.kr\/gh-ko\/index.do\">https:\/\/overseas.mofa.go.kr\/gh-ko\/index.do<\/a><\/li>\n<\/ul>\n<p>[\/vc_column_text][\/vc_tta_section][vc_tta_section title=&#8221;\uac00\ubd09&#8221; tab_id=&#8221;1692660549813-7a970138-e3d1&#8243;][vc_column_text]<strong>\uc8fc\uac00\ubd09 \ub300\ud55c\ubbfc\uad6d \ub300\uc0ac\uad00<\/strong><\/p>\n<ul>\n<li><b>\uc804\ud654\ubc88\ud638 :\u00a0<\/b>+241 (0)65-30-1900<\/li>\n<li><b>\ud329\uc2a4\ubc88\ud638 :\u00a0<\/b>+241 (0)11-45-2322<\/li>\n<li><b>\uc8fc\uc18c :\u00a0<\/b>B.P. 2620, Libreville, Gabon<\/li>\n<li><strong>\ud648\ud398\uc774\uc9c0 : <\/strong><a href=\"https:\/\/overseas.mofa.go.kr\/ga-ko\/index.do\">https:\/\/overseas.mofa.go.kr\/ga-ko\/index.do<\/a><\/li>\n<\/ul>\n<p>[\/vc_column_text][\/vc_tta_section][vc_tta_section title=&#8221;\ub098\uc774\uc9c0\ub9ac\uc544&#8221; tab_id=&#8221;1693879341697-2b1a5a91-f0d1&#8243;][vc_column_text]<strong>\uc8fc\ub098\uc774\uc9c0\ub9ac\uc544 \ub300\ud55c\ubbfc\uad6d \ub300\uc0ac\uad00<\/strong><\/p>\n<ul>\n<li><b>\uc804\ud654\ubc88\ud638 :\u00a0<\/b>(234) 810 389 0991<\/li>\n<li><b>\uc8fc\uc18c :\u00a0<\/b>No. 9, Ovia Crescent, off Pope Jphn Paul II Street, Maitama, Abuja, Nigeria<\/li>\n<li><strong>\ud648\ud398\uc774\uc9c0 : <\/strong><a href=\"https:\/\/overseas.mofa.go.kr\/ng-ko\/index.do\">https:\/\/overseas.mofa.go.kr\/ng-ko\/index.do<\/a><\/li>\n<\/ul>\n<p>[\/vc_column_text][\/vc_tta_section][vc_tta_section title=&#8221;\ub0a8\uc544\ud504\ub9ac\uce74\uacf5\ud654\uad6d&#8221; tab_id=&#8221;1693879387812-44bc7e74-a33b&#8221;][vc_column_text]<strong>\uc8fc\ub0a8\uc544\ud504\ub9ac\uce74\uacf5\ud654\uad6d \ub300\ud55c\ubbfc\uad6d \ub300\uc0ac\uad00<\/strong><\/p>\n<ul>\n<li><b>\uc804\ud654\ubc88\ud638 :\u00a0<\/b>+27-(0)12- 460-2508<\/li>\n<li><b>\ud329\uc2a4\ubc88\ud638 :\u00a0<\/b>+27-(0)12-460-1158<\/li>\n<li><b>\uc6b0\ud3b8\ubc88\ud638 :\u00a0<\/b>P.O.Box 93<\/li>\n<li><b>\uc8fc\uc18c :\u00a0<\/b>265 Melk Street, Nieuw Muckleneuk, Pretoria 0181, South Africa<\/li>\n<li><strong>\ud648\ud398\uc774\uc9c0 :<\/strong> <a href=\"https:\/\/overseas.mofa.go.kr\/za-ko\/index.do\">https:\/\/overseas.mofa.go.kr\/za-ko\/index.do<\/a><\/li>\n<\/ul>\n<p>[\/vc_column_text][\/vc_tta_section][vc_tta_section title=&#8221;\ub974\uc644\ub2e4&#8221; tab_id=&#8221;1693879471084-6fdff934-3b37&#8243;][vc_column_text]<strong>\uc8fc\ub974\uc644\ub2e4 \ub300\ud55c\ubbfc\uad6d \ub300\uc0ac\uad00<\/strong><\/p>\n<ul>\n<li><b>\uc804\ud654\ubc88\ud638 :\u00a0<\/b>250) 252 577 577<\/li>\n<li><b>\uc6b0\ud3b8\ubc88\ud638 :\u00a0<\/b>6404<\/li>\n<li><b>\uc8fc\uc18c :\u00a0<\/b>Embassy of the Republic of Korea, P.O. BOX 6404, Kigali, Rwanda<\/li>\n<li><strong>\ud648\ud398\uc774\uc9c0 : <\/strong><a href=\"https:\/\/overseas.mofa.go.kr\/rw-ko\/index.do\">https:\/\/overseas.mofa.go.kr\/rw-ko\/index.do<\/a><\/li>\n<\/ul>\n<p>[\/vc_column_text][\/vc_tta_section][vc_tta_section title=&#8221;\ub9c8\ub2e4\uac00\uc2a4\uce74\ub974&#8221; tab_id=&#8221;1693879516828-a944cdfe-06e5&#8243;][vc_column_text]<strong>\uc8fc\ub9c8\ub2e4\uac00\uc2a4\uce74\ub974 \ub300\ud55c\ubbfc\uad6d \ub300\uc0ac\uad00<\/strong><\/p>\n<ul>\n<li><b>\uc804\ud654\ubc88\ud638 :\u00a0<\/b>+261)20-222-2933<\/li>\n<li><b>\ud329\uc2a4\ubc88\ud638 :\u00a0<\/b>+261)20-224-9970<\/li>\n<li><b>\uc8fc\uc18c :\u00a0<\/b>Villa Pervenches, Lotissement Bonnet, Ivandry, Antananarivo, Madagascar<\/li>\n<li><strong>\ud648\ud398\uc774\uc9c0 :\u00a0<\/strong><a href=\"https:\/\/overseas.mofa.go.kr\/mg-ko\/index.do\">https:\/\/overseas.mofa.go.kr\/mg-ko\/index.do<\/a><\/li>\n<\/ul>\n<p>[\/vc_column_text][\/vc_tta_section][vc_tta_section title=&#8221;\ubaa8\uc7a0\ube44\ud06c&#8221; tab_id=&#8221;1693879561731-ab603654-cf8b&#8221;][vc_column_text]<strong>\uc8fc\ubaa8\uc7a0\ube44\ud06c\uacf5\ud654\uad6d \ub300\ud55c\ubbfc\uad6d \ub300\uc0ac\uad00<\/strong><\/p>\n<ul>\n<li><b>\uc804\ud654\ubc88\ud638 :\u00a0<\/b>+258 21 495 625<\/li>\n<li><b>\ud329\uc2a4\ubc88\ud638 :\u00a0<\/b>+258 21 495 638<\/li>\n<li><b>\uc8fc\uc18c :\u00a0<\/b>Av. Marginal 141, Torres Rani 7 Andar, Maputo, Mozambique<\/li>\n<li><strong>\ud648\ud398\uc774\uc9c0 :<\/strong> <a href=\"https:\/\/overseas.mofa.go.kr\/mz-ko\/index.do\">https:\/\/overseas.mofa.go.kr\/mz-ko\/index.do<\/a><\/li>\n<\/ul>\n<p>[\/vc_column_text][\/vc_tta_section][vc_tta_section title=&#8221;\uc138\ub124\uac08&#8221; tab_id=&#8221;1693879612794-2094121b-0fd3&#8243;][vc_column_text]<strong>\uc8fc\uc138\ub124\uac08 \ub300\ud55c\ubbf8\uad6d \ub300\uc0ac\uad00<\/strong><\/p>\n<ul>\n<li><b>\uc804\ud654\ubc88\ud638 :\u00a0<\/b>(221-33)824-0672, (221-33)856-0780<\/li>\n<li><b>\ud329\uc2a4\ubc88\ud638 :\u00a0<\/b>(221-33)824-0695, (221-33)856-0781<\/li>\n<li><b>\uc6b0\ud3b8\ubc88\ud638 :\u00a0<\/b>B.P. 5850<\/li>\n<li><b>\uc8fc\uc18c :\u00a0<\/b>Ambassade de la R\u00e9publique de Cor\u00e9e Immeuble Rahmane Lot 12, situ\u00e9 Direction G\u00e9n\u00e9rale de l&#8217;ASECNA, Petite Corniche des Almadies, Dakar, S\u00e9n\u00e9gal<\/li>\n<li><strong>\ud648\ud398\uc774\uc9c0 : <\/strong><a href=\"https:\/\/overseas.mofa.go.kr\/sn-ko\/index.do\">https:\/\/overseas.mofa.go.kr\/sn-ko\/index.do<\/a><\/li>\n<\/ul>\n<p>[\/vc_column_text][\/vc_tta_section][vc_tta_section title=&#8221;\uc218\ub2e8&#8221; tab_id=&#8221;1693879656421-7c3bf91b-eff0&#8243;][vc_column_text]<strong>\uc8fc\uc218\ub2e8 \ub300\ud55c\ubbfc\uad6d \ub300\uc0ac\uad00<\/strong><\/p>\n<ul>\n<li><b>\uc804\ud654\ubc88\ud638 :\u00a0<\/b>(249) 183-580-031<\/li>\n<li><b>\ud329\uc2a4\ubc88\ud638 :\u00a0<\/b>(249) 183-580-025<\/li>\n<li><b>\uc8fc\uc18c :\u00a0<\/b>House No.55, Al-Jazira Street 56, Khartoum 2, P.O.Box 2414, Khartoum, Sudan<\/li>\n<li><strong>\ud648\ud398\uc774\uc9c0 : <\/strong><a href=\"https:\/\/overseas.mofa.go.kr\/sd-ko\/index.do\">https:\/\/overseas.mofa.go.kr\/sd-ko\/index.do<\/a><\/li>\n<\/ul>\n<p>[\/vc_column_text][\/vc_tta_section][vc_tta_section title=&#8221;\uc559\uace8\ub77c&#8221; tab_id=&#8221;1693879714447-ab6f3e5a-227c&#8221;][vc_column_text]<strong>\uc8fc\uc559\uace8\ub77c \ub300\ud55c\ubbfc\uad6d \ub300\uc0ac\uad00<\/strong><\/p>\n<ul>\n<li><b>\uc804\ud654\ubc88\ud638 :\u00a0<\/b>(244)222-778-794<\/li>\n<li><b>\uc8fc\uc18c :\u00a0<\/b>Condominio Zenith, Torre 1, 3 Andar, Via AL 16, Luanda-Sul Talatona, Angola<\/li>\n<li><strong>\ud648\ud398\uc774\uc9c0 : <\/strong><a href=\"https:\/\/overseas.mofa.go.kr\/ao-ko\/index.do\">https:\/\/overseas.mofa.go.kr\/ao-ko\/index.do<\/a><\/li>\n<\/ul>\n<p>[\/vc_column_text][\/vc_tta_section][vc_tta_section title=&#8221;\uc5d0\ud2f0\uc624\ud53c\uc544&#8221; tab_id=&#8221;1693880048493-c20f9a8e-8b89&#8243;][vc_column_text]<strong>\uc8fc\uc5d0\ud2f0\uc624\ud53c\uc544 \ub300\ud55c\ubbfc\uad6d \ub300\uc0ac\uad00 \uacb8 \uc8fc\uc544\ud504\ub9ac\uce74\uc5f0\ud569 \ub300\ud55c\ubbfc\uad6d \ub300\ud45c\ubd80<\/strong><\/p>\n<ul>\n<li><b>\uc804\ud654\ubc88\ud638 :\u00a0<\/b>+251 11 372 8111~14<\/li>\n<li><b>\ud329\uc2a4\ubc88\ud638 :\u00a0<\/b>+251 11 372 8115<\/li>\n<li><b>\uc6b0\ud3b8\ubc88\ud638 :\u00a0<\/b>P.O.Box 20<\/li>\n<li><b>\uc8fc\uc18c :\u00a0<\/b>P.O.Box 2047, Addis Ababa, Ethiopia (Kolfe Deranio Kifle Ketema, Kebele 10, House No. 1,224, Addis Ababa Ethiopia)<\/li>\n<li><strong>\ud648\ud398\uc774\uc9c0 :<\/strong> <a href=\"https:\/\/overseas.mofa.go.kr\/et-ko\/index.do\">https:\/\/overseas.mofa.go.kr\/et-ko\/index.do<\/a><\/li>\n<\/ul>\n<p>[\/vc_column_text][\/vc_tta_section][vc_tta_section title=&#8221;\uc6b0\uac04\ub2e4&#8221; tab_id=&#8221;1693880110872-a9ddd493-6f32&#8243;][vc_column_text]<strong>\uc8fc\uc6b0\uac04\ub2e4 \ub300\ud55c\ubbfc\uad6d \ub300\uc0ac\uad00<\/strong><\/p>\n<ul>\n<li><b>\uc804\ud654\ubc88\ud638 :\u00a0<\/b>+256-414-500-197<\/li>\n<li><b>\uc6b0\ud3b8\ubc88\ud638 :\u00a0<\/b>27278<\/li>\n<li><b>\uc8fc\uc18c :\u00a0<\/b>Plot 14, Ternan Ave, Nakasero, Kampala, Uganda<\/li>\n<li><strong>\ud648\ud398\uc774\uc9c0 : <\/strong><a href=\"https:\/\/overseas.mofa.go.kr\/ug-ko\/index.do\">https:\/\/overseas.mofa.go.kr\/ug-ko\/index.do<\/a><\/li>\n<\/ul>\n<p>[\/vc_column_text][\/vc_tta_section][vc_tta_section title=&#8221;\uc9d0\ubc14\ube0c\uc6e8&#8221; tab_id=&#8221;1693880883973-ce048950-5f6b&#8221;][vc_column_text]<strong>\uc8fc\uc9d0\ubc14\ube0c\uc6e8 \ub300\ud55c\ubbfc\uad6d \ub300\uc0ac\uad00<\/strong><\/p>\n<ul>\n<li><b>\uc804\ud654\ubc88\ud638 :\u00a0<\/b>+263-242-756-542~5 \/ +263-242-756-553<\/li>\n<li><b>\ud329\uc2a4\ubc88\ud638 :\u00a0<\/b>(263-242) 756554<\/li>\n<li><b>\uc6b0\ud3b8\ubc88\ud638 :\u00a0<\/b>4970<\/li>\n<li><b>\uc8fc\uc18c :\u00a0<\/b>1 Phillips Avenue, Belgravia, Harare, Zimbabwe<\/li>\n<li><strong>\ud648\ud398\uc774\uc9c0 : <\/strong><a href=\"https:\/\/overseas.mofa.go.kr\/zw-ko\/index.do\">https:\/\/overseas.mofa.go.kr\/zw-ko\/index.do<\/a><\/li>\n<\/ul>\n<p>[\/vc_column_text][\/vc_tta_section][vc_tta_section title=&#8221;\ucf54\ud2b8\ub514\ubd80\uc544\ub974&#8221; tab_id=&#8221;1693880928349-45f1f759-2f15&#8243;][vc_column_text]<strong>\uc8fc\ucf54\ud2b8\ub514\ubd80\uc544\ub974 \ub300\ud55c\ubbfc\uad6d \ub300\uc0ac\uad00\u00a0<\/strong><\/p>\n<ul>\n<li><b>\uc804\ud654\ubc88\ud638 :\u00a0<\/b>(225)27- 2248-6701 \/ 6703<\/li>\n<li><b>\ud329\uc2a4\ubc88\ud638 :\u00a0<\/b>(225)27-2248-6757<\/li>\n<li><b>\uc8fc\uc18c :\u00a0<\/b>Rue Sainte Marie, Lot 18-19, Cocody, Abidjan, C\u00f4te d\u2019Ivoire (Postal code : 01 BP 3950)<\/li>\n<li><strong>\ud648\ud398\uc774\uc9c0 : <\/strong><a href=\"https:\/\/overseas.mofa.go.kr\/ci-ko\/index.do\">https:\/\/overseas.mofa.go.kr\/ci-ko\/index.do<\/a><\/li>\n<\/ul>\n<p>[\/vc_column_text][\/vc_tta_section][vc_tta_section title=&#8221;\ucf69\uace0\ubbfc\uc8fc\uacf5\ud654\uad6d&#8221; tab_id=&#8221;1693880985928-b30813eb-d907&#8243;][vc_column_text]<strong>\uc8fc\ucf69\uace0\ubbfc\uc8fc\uacf5\ud654\uad6d \ub300\ud55c\ubbfc\uad6d \ub300\uc0ac\uad00<\/strong><\/p>\n<ul>\n<li><b>\uc804\ud654\ubc88\ud638 :\u00a0<\/b>(243)(0)821-911-712<\/li>\n<li><b>\uc8fc\uc18c :\u00a0<\/b>63 Av. de la Justice, C\/Gombe, Kinshasa, DR Congo<\/li>\n<li><strong>\ud648\ud398\uc774\uc9c0 : <\/strong><a href=\"https:\/\/overseas.mofa.go.kr\/cd-ko\/index.do\">https:\/\/overseas.mofa.go.kr\/cd-ko\/index.do<\/a><\/li>\n<\/ul>\n<p>[\/vc_column_text][\/vc_tta_section][vc_tta_section title=&#8221;\uce74\uba54\ub8ec&#8221; tab_id=&#8221;1693881048752-31c79a85-2b31&#8243;][vc_column_text]<strong>\uc8fc\uce74\uba54\ub8ec \ub300\ud55c\ubbfc\uad6d \ub300\uc0ac\uad00<\/strong><\/p>\n<ul>\n<li><b>\uc804\ud654\ubc88\ud638 :\u00a0<\/b>+237-222-203-891<\/li>\n<li><b>\uc8fc\uc18c :\u00a0<\/b>House No. 85, Rosa Park Avenue, Ntougou Golf, P.O Box 13286<\/li>\n<li><strong>\ud648\ud398\uc774\uc9c0 : <\/strong><a href=\"https:\/\/overseas.mofa.go.kr\/cm-ko\/index.do\">https:\/\/overseas.mofa.go.kr\/cm-ko\/index.do<\/a><\/li>\n<\/ul>\n<p>[\/vc_column_text][\/vc_tta_section][vc_tta_section title=&#8221;\ucf00\ub0d0&#8221; tab_id=&#8221;1693881092513-964af6fc-3d78&#8243;][vc_column_text]<strong>\uc8fc\ucf00\ub0d0 \ub300\ud55c\ubbfc\uad6d \ub300\uc0ac\uad00<\/strong><\/p>\n<ul>\n<li><b>\uc804\ud654\ubc88\ud638 :\u00a0<\/b>(254-20)361-5000<\/li>\n<li><b>\ud329\uc2a4\ubc88\ud638 :\u00a0<\/b>(254-20)374-1337\/8<\/li>\n<li><b>\uc6b0\ud3b8\ubc88\ud638 :\u00a0<\/b>30455-0010<\/li>\n<li><b>\uc8fc\uc18c :\u00a0<\/b>1st &amp; 2nd Fl., Misha Tower, 47 Westlands Road, Westlands, Nairobi, Kenya<\/li>\n<li><strong>\ud648\ud398\uc774\uc9c0 : <\/strong><a href=\"https:\/\/overseas.mofa.go.kr\/ke-ko\/index.do\">https:\/\/overseas.mofa.go.kr\/ke-ko\/index.do<\/a><\/li>\n<\/ul>\n<p>[\/vc_column_text][\/vc_tta_section][vc_tta_section title=&#8221;\ud0c4\uc790\ub2c8\uc544&#8221; tab_id=&#8221;1693881132042-64d499b5-3fe0&#8243;][vc_column_text]<strong>\uc8fc\ud0c4\uc790\ub2c8\uc544 \ub300\ud55c\ubbfc\uad6d \ub300\uc0ac\uad00<\/strong><\/p>\n<ul>\n<li><b>\uc804\ud654\ubc88\ud638 :\u00a0<\/b>(255)22 211 6086-8<\/li>\n<li><b>\ud329\uc2a4\ubc88\ud638 :\u00a0<\/b>(255)22 211 6099<\/li>\n<li><b>\uc8fc\uc18c :\u00a0<\/b>P.O.Box 1154, Dar es Salaam, Tanzania<\/li>\n<li><strong>\ud648\ud398\uc774\uc9c0 : <\/strong><a href=\"https:\/\/overseas.mofa.go.kr\/tz-ko\/index.do\">https:\/\/overseas.mofa.go.kr\/tz-ko\/index.do<\/a><\/li>\n<\/ul>\n<p>[\/vc_column_text][\/vc_tta_section][\/vc_tta_tour][\/vc_column][\/vc_row][vc_row][vc_column][vc_column_text]\u203b\ucc38\uc870: <a href=\"https:\/\/overseas.mofa.go.kr\/www\/pgm\/m_4179\/uss\/emblgbd\/emblgbdAdres.do\">\uc678\uad50\ubd80 \uc7ac\uc678\uacf5\uad00\uc815\ubcf4<\/a>, <a href=\"https:\/\/www.0404.go.kr\/consulate\/visa.jsp\">\uc0ac\uc99d \uc548\ub0b4<\/a>[\/vc_column_text][\/vc_column][\/vc_row]<\/p>\n<\/div>","protected":false},"excerpt":{"rendered":"<p>[vc_row][vc_column][vc_cta h2=&#8221;\uc544\ud504\ub9ac\uce74 \uc7ac\uc678\uacf5\uad00&#8221;]\ub300\ud55c\ubbfc\uad6d\uc740 \ucd1d 48\uac1c \uc544\ud504\ub9ac\uce74 \uad6d\uac00\uc640 \uc678\uad50\uad00\uacc4\ub97c \uc218\ub9bd\ud558\uace0, \ucd1d  [&#8230;]<\/p>\n","protected":false},"author":1,"featured_media":0,"parent":1277,"menu_order":2,"comment_status":"closed","ping_status":"closed","template":"","meta":{"_acf_changed":false,"_price":"","_stock":"","_tribe_ticket_header":"","_tribe_default_ticket_provider":"","_tribe_ticket_capacity":"0","_ticket_start_date":"","_ticket_end_date":"","_tribe_ticket_show_description":"","_tribe_ticket_show_not_going":false,"_tribe_ticket_use_global_stock":"","_tribe_ticket_global_stock_level":"","_global_stock_mode":"","_global_stock_cap":"","_tribe_rsvp_for_event":"","_tribe_ticket_going_count":"","_tribe_ticket_not_going_count":"","_tribe_tickets_list":"[]","_tribe_ticket_has_attendee_info_fields":false,"footnotes":"","_tec_slr_enabled":"","_tec_slr_layout":""},"class_list":["post-1284","page","type-page","status-publish","hentry"],"acf":[],"ticketed":false,"_links":{"self":[{"href":"http:\/\/aafc.snuac.ac.kr\/index.php?rest_route=\/wp\/v2\/pages\/1284","targetHints":{"allow":["GET"]}}],"collection":[{"href":"http:\/\/aafc.snuac.ac.kr\/index.php?rest_route=\/wp\/v2\/pages"}],"about":[{"href":"http:\/\/aafc.snuac.ac.kr\/index.php?rest_route=\/wp\/v2\/types\/page"}],"author":[{"embeddable":true,"href":"http:\/\/aafc.snuac.ac.kr\/index.php?rest_route=\/wp\/v2\/users\/1"}],"replies":[{"embeddable":true,"href":"http:\/\/aafc.snuac.ac.kr\/index.php?rest_route=%2Fwp%2Fv2%2Fcomments&post=1284"}],"version-history":[{"count":9,"href":"http:\/\/aafc.snuac.ac.kr\/index.php?rest_route=\/wp\/v2\/pages\/1284\/revisions"}],"predecessor-version":[{"id":3099,"href":"http:\/\/aafc.snuac.ac.kr\/index.php?rest_route=\/wp\/v2\/pages\/1284\/revisions\/3099"}],"up":[{"embeddable":true,"href":"http:\/\/aafc.snuac.ac.kr\/index.php?rest_route=\/wp\/v2\/pages\/1277"}],"wp:attachment":[{"href":"http:\/\/aafc.snuac.ac.kr\/index.php?rest_route=%2Fwp%2Fv2%2Fmedia&parent=1284"}],"curies":[{"name":"wp","href":"https:\/\/api.w.org\/{rel}","templated":true}]}}